{"id":858,"date":"2017-11-01T11:00:53","date_gmt":"2017-11-01T11:00:53","guid":{"rendered":"https:\/\/cartoseat.com\/sample-page\/"},"modified":"2023-03-29T12:16:22","modified_gmt":"2023-03-29T10:16:22","slug":"sample-page","status":"publish","type":"page","link":"https:\/\/cartoseat.com\/de\/","title":{"rendered":"Home"},"content":{"rendered":"","protected":false},"excerpt":{"rendered":"","protected":false},"author":2,"featured_media":1304,"parent":0,"menu_order":0,"comment_status":"closed","ping_status":"closed","template":"page_home.php","meta":{"_acf_changed":false,"inline_featured_image":false,"footnotes":""},"class_list":["post-858","page","type-page","status-publish","has-post-thumbnail","hentry"],"acf":[],"yoast_head":"<!-- This site is optimized with the Yoast SEO plugin v27.5 - https:\/\/yoast.com\/product\/yoast-seo-wordpress\/ -->\n<title>Cartoseat | Event-M\u00f6bel f\u00fcr Messen, Kongresse &amp; Festivals<\/title>\n<meta name=\"description\" content=\"Cartoseat, h\u00e9t kartonnen meubel voor evenementen, of als relatiegeschenk. 100% recyclebaar &amp; volledig te personaliseren in verschillende soorten &amp; maten.\" \/>\n<meta name=\"robots\" content=\"index, follow, max-snippet:-1, max-image-preview:large, max-video-preview:-1\" \/>\n<link rel=\"canonical\" href=\"https:\/\/cartoseat.com\/de\/\" \/>\n<meta property=\"og:locale\" content=\"de_DE\" \/>\n<meta property=\"og:type\" content=\"article\" \/>\n<meta property=\"og:title\" content=\"Cartoseat | Event-M\u00f6bel f\u00fcr Messen, Kongresse &amp; Festivals\" \/>\n<meta property=\"og:description\" content=\"Cartoseat, h\u00e9t kartonnen meubel voor evenementen, of als relatiegeschenk. 100% recyclebaar &amp; volledig te personaliseren in verschillende soorten &amp; maten.\" \/>\n<meta property=\"og:url\" content=\"https:\/\/cartoseat.com\/de\/\" \/>\n<meta property=\"og:site_name\" content=\"Cartoseat\" \/>\n<meta property=\"article:publisher\" content=\"https:\/\/www.facebook.com\/Cartoseat\/\" \/>\n<meta property=\"article:modified_time\" content=\"2023-03-29T10:16:22+00:00\" \/>\n<meta property=\"og:image\" content=\"https:\/\/cartoseat.com\/wp-content\/uploads\/2019\/01\/Schermafbeelding-2019-01-14-om-17.10.34.png\" \/>\n\t<meta property=\"og:image:width\" content=\"1114\" \/>\n\t<meta property=\"og:image:height\" content=\"590\" \/>\n\t<meta property=\"og:image:type\" content=\"image\/png\" \/>\n<meta name=\"twitter:card\" content=\"summary_large_image\" \/>\n<!-- \/ Yoast SEO plugin. -->","yoast_head_json":{"title":"Cartoseat | Event-M\u00f6bel f\u00fcr Messen, Kongresse & Festivals","description":"Cartoseat, h\u00e9t kartonnen meubel voor evenementen, of als relatiegeschenk. 100% recyclebaar & volledig te personaliseren in verschillende soorten & maten.","robots":{"index":"index","follow":"follow","max-snippet":"max-snippet:-1","max-image-preview":"max-image-preview:large","max-video-preview":"max-video-preview:-1"},"canonical":"https:\/\/cartoseat.com\/de\/","og_locale":"de_DE","og_type":"article","og_title":"Cartoseat | Event-M\u00f6bel f\u00fcr Messen, Kongresse & Festivals","og_description":"Cartoseat, h\u00e9t kartonnen meubel voor evenementen, of als relatiegeschenk. 100% recyclebaar & volledig te personaliseren in verschillende soorten & maten.","og_url":"https:\/\/cartoseat.com\/de\/","og_site_name":"Cartoseat","article_publisher":"https:\/\/www.facebook.com\/Cartoseat\/","article_modified_time":"2023-03-29T10:16:22+00:00","og_image":[{"width":1114,"height":590,"url":"https:\/\/cartoseat.com\/wp-content\/uploads\/2019\/01\/Schermafbeelding-2019-01-14-om-17.10.34.png","type":"image\/png"}],"twitter_card":"summary_large_image","schema":{"@context":"https:\/\/schema.org","@graph":[{"@type":"WebPage","@id":"https:\/\/cartoseat.com\/de\/","url":"https:\/\/cartoseat.com\/de\/","name":"Cartoseat | Event-M\u00f6bel f\u00fcr Messen, Kongresse & Festivals","isPartOf":{"@id":"https:\/\/cartoseat.com\/#website"},"primaryImageOfPage":{"@id":"https:\/\/cartoseat.com\/de\/#primaryimage"},"image":{"@id":"https:\/\/cartoseat.com\/de\/#primaryimage"},"thumbnailUrl":"https:\/\/cartoseat.com\/wp-content\/uploads\/2019\/01\/Schermafbeelding-2019-01-14-om-17.10.34.png","datePublished":"2017-11-01T11:00:53+00:00","dateModified":"2023-03-29T10:16:22+00:00","description":"Cartoseat, h\u00e9t kartonnen meubel voor evenementen, of als relatiegeschenk. 100% recyclebaar & volledig te personaliseren in verschillende soorten & maten.","breadcrumb":{"@id":"https:\/\/cartoseat.com\/de\/#breadcrumb"},"inLanguage":"de","potentialAction":[{"@type":"ReadAction","target":["https:\/\/cartoseat.com\/de\/"]}]},{"@type":"ImageObject","inLanguage":"de","@id":"https:\/\/cartoseat.com\/de\/#primaryimage","url":"https:\/\/cartoseat.com\/wp-content\/uploads\/2019\/01\/Schermafbeelding-2019-01-14-om-17.10.34.png","contentUrl":"https:\/\/cartoseat.com\/wp-content\/uploads\/2019\/01\/Schermafbeelding-2019-01-14-om-17.10.34.png","width":1114,"height":590,"caption":"Kartonnen krukjes evenementen"},{"@type":"BreadcrumbList","@id":"https:\/\/cartoseat.com\/de\/#breadcrumb","itemListElement":[{"@type":"ListItem","position":1,"name":"Home","item":"https:\/\/cartoseat.com\/de\/"},{"@type":"ListItem","position":2,"name":"Home"}]},{"@type":"WebSite","@id":"https:\/\/cartoseat.com\/#website","url":"https:\/\/cartoseat.com\/","name":"Cartoseat","description":"Make a seat, make impact","publisher":{"@id":"https:\/\/cartoseat.com\/#organization"},"potentialAction":[{"@type":"SearchAction","target":{"@type":"EntryPoint","urlTemplate":"https:\/\/cartoseat.com\/?s={search_term_string}"},"query-input":{"@type":"PropertyValueSpecification","valueRequired":true,"valueName":"search_term_string"}}],"inLanguage":"de"},{"@type":"Organization","@id":"https:\/\/cartoseat.com\/#organization","name":"Cartoseat","url":"https:\/\/cartoseat.com\/","logo":{"@type":"ImageObject","inLanguage":"de","@id":"https:\/\/cartoseat.com\/#\/schema\/logo\/image\/","url":"https:\/\/cartoseat.com\/wp-content\/uploads\/2020\/02\/logo.svg","contentUrl":"https:\/\/cartoseat.com\/wp-content\/uploads\/2020\/02\/logo.svg","width":419,"height":50,"caption":"Cartoseat"},"image":{"@id":"https:\/\/cartoseat.com\/#\/schema\/logo\/image\/"},"sameAs":["https:\/\/www.facebook.com\/Cartoseat\/","https:\/\/www.instagram.com\/cartoseat\/"]}]}},"_links":{"self":[{"href":"https:\/\/cartoseat.com\/de\/wp-json\/wp\/v2\/pages\/858","targetHints":{"allow":["GET"]}}],"collection":[{"href":"https:\/\/cartoseat.com\/de\/wp-json\/wp\/v2\/pages"}],"about":[{"href":"https:\/\/cartoseat.com\/de\/wp-json\/wp\/v2\/types\/page"}],"author":[{"embeddable":true,"href":"https:\/\/cartoseat.com\/de\/wp-json\/wp\/v2\/users\/2"}],"replies":[{"embeddable":true,"href":"https:\/\/cartoseat.com\/de\/wp-json\/wp\/v2\/comments?post=858"}],"version-history":[{"count":6,"href":"https:\/\/cartoseat.com\/de\/wp-json\/wp\/v2\/pages\/858\/revisions"}],"predecessor-version":[{"id":2698,"href":"https:\/\/cartoseat.com\/de\/wp-json\/wp\/v2\/pages\/858\/revisions\/2698"}],"wp:featuredmedia":[{"embeddable":true,"href":"https:\/\/cartoseat.com\/de\/wp-json\/wp\/v2\/media\/1304"}],"wp:attachment":[{"href":"https:\/\/cartoseat.com\/de\/wp-json\/wp\/v2\/media?parent=858"}],"curies":[{"name":"wp","href":"https:\/\/api.w.org\/{rel}","templated":true}]}}